{"id":122,"date":"2020-06-05T17:07:40","date_gmt":"2020-06-05T15:07:40","guid":{"rendered":"http:\/\/www.taxisok.fr\/?page_id=122"},"modified":"2024-07-12T14:52:13","modified_gmt":"2024-07-12T12:52:13","slug":"mentions-legals","status":"publish","type":"page","link":"https:\/\/www.taxisok.fr\/?page_id=122","title":{"rendered":"Mentions l\u00e9gales"},"content":{"rendered":"\n<h2 class=\"wp-block-heading\">Soci\u00e9t\u00e9<\/h2>\n\n\n\n<p><strong>TAXI SOK<\/strong><\/p>\n\n\n\n<p>M. DONA<\/p>\n\n\n\n<p>18 rue Edouard Herriot &#8211; 33310 LORMONT<\/p>\n\n\n\n<p>05 24 21 23 64<\/p>\n\n\n\n<p><a href=\"mailto:contact@antsys.fr\">cdona@taxisok.fr<\/a><\/p>\n\n\n\n<p>www.taxisok.fr<\/p>\n\n\n\n<h2 class=\"wp-block-heading\"><strong>H\u00e9bergeur<\/strong><\/h2>\n\n\n\n<p>Actulog<\/p>\n\n\n\n<p>34 rue Genesta \u2013 33200 Bordeaux<\/p>\n\n\n\n<p>05 57 14 21 23<\/p>\n\n\n\n<p><a href=\"mailto:contact@actulog.fr\">contact@actulog.fr<\/a><\/p>\n","protected":false},"excerpt":{"rendered":"<p>Soci\u00e9t\u00e9 TAXI SOK M. DONA 18 rue Edouard Herriot &#8211; 33310 LORMONT 05 24 21 23 64 cdona@taxisok.fr www.taxisok.fr H\u00e9bergeur Actulog 34 rue Genesta \u2013 33200 Bordeaux 05 57 14 21 23 contact@actulog.fr<\/p>\n","protected":false},"author":1,"featured_media":0,"parent":0,"menu_order":0,"comment_status":"closed","ping_status":"closed","template":"","meta":{"footnotes":""},"class_list":["post-122","page","type-page","status-publish","hentry"],"yoast_head":"<!-- This site is optimized with the Yoast SEO plugin v14.5 - https:\/\/yoast.com\/wordpress\/plugins\/seo\/ -->\n<title>Mentions l\u00e9gales - Taxi Fr\u00e8res SOK<\/title>\n<meta name=\"robots\" content=\"index, follow\" \/>\n<meta name=\"googlebot\" content=\"index, follow, max-snippet:-1, max-image-preview:large, max-video-preview:-1\" \/>\n<meta name=\"bingbot\" content=\"index, follow, max-snippet:-1, max-image-preview:large, max-video-preview:-1\" \/>\n<link rel=\"canonical\" href=\"http:\/\/www.taxisok.fr\/?page_id=122\" \/>\n<meta property=\"og:locale\" content=\"fr_FR\" \/>\n<meta property=\"og:type\" content=\"article\" \/>\n<meta property=\"og:title\" content=\"Mentions l\u00e9gales - Taxi Fr\u00e8res SOK\" \/>\n<meta property=\"og:description\" content=\"Soci\u00e9t\u00e9 TAXI SOK M. DONA 18 rue Edouard Herriot &#8211; 33310 LORMONT 05 24 21 23 64 cdona@taxisok.fr www.taxisok.fr H\u00e9bergeur Actulog 34 rue Genesta \u2013 33200 Bordeaux 05 57 14 21 23 contact@actulog.fr\" \/>\n<meta property=\"og:url\" content=\"http:\/\/www.taxisok.fr\/?page_id=122\" \/>\n<meta property=\"og:site_name\" content=\"Taxi Fr\u00e8res SOK\" \/>\n<meta property=\"article:modified_time\" content=\"2024-07-12T12:52:13+00:00\" \/>\n<meta name=\"twitter:card\" content=\"summary_large_image\" \/>\n<script type=\"application\/ld+json\" class=\"yoast-schema-graph\">{\"@context\":\"https:\/\/schema.org\",\"@graph\":[{\"@type\":\"WebSite\",\"@id\":\"https:\/\/www.taxisok.fr\/#website\",\"url\":\"https:\/\/www.taxisok.fr\/\",\"name\":\"Taxi Fr\\u00e8res SOK\",\"description\":\"Taxi VSL Cubzaguais et Blayais 0630252427\",\"potentialAction\":[{\"@type\":\"SearchAction\",\"target\":\"https:\/\/www.taxisok.fr\/?s={search_term_string}\",\"query-input\":\"required name=search_term_string\"}],\"inLanguage\":\"fr-FR\"},{\"@type\":\"WebPage\",\"@id\":\"http:\/\/www.taxisok.fr\/?page_id=122#webpage\",\"url\":\"http:\/\/www.taxisok.fr\/?page_id=122\",\"name\":\"Mentions l\\u00e9gales - Taxi Fr\\u00e8res SOK\",\"isPartOf\":{\"@id\":\"https:\/\/www.taxisok.fr\/#website\"},\"datePublished\":\"2020-06-05T15:07:40+00:00\",\"dateModified\":\"2024-07-12T12:52:13+00:00\",\"inLanguage\":\"fr-FR\",\"potentialAction\":[{\"@type\":\"ReadAction\",\"target\":[\"http:\/\/www.taxisok.fr\/?page_id=122\"]}]}]}<\/script>\n<!-- \/ Yoast SEO plugin. -->","_links":{"self":[{"href":"https:\/\/www.taxisok.fr\/index.php?rest_route=\/wp\/v2\/pages\/122"}],"collection":[{"href":"https:\/\/www.taxisok.fr\/index.php?rest_route=\/wp\/v2\/pages"}],"about":[{"href":"https:\/\/www.taxisok.fr\/index.php?rest_route=\/wp\/v2\/types\/page"}],"author":[{"embeddable":true,"href":"https:\/\/www.taxisok.fr\/index.php?rest_route=\/wp\/v2\/users\/1"}],"replies":[{"embeddable":true,"href":"https:\/\/www.taxisok.fr\/index.php?rest_route=%2Fwp%2Fv2%2Fcomments&post=122"}],"version-history":[{"count":3,"href":"https:\/\/www.taxisok.fr\/index.php?rest_route=\/wp\/v2\/pages\/122\/revisions"}],"predecessor-version":[{"id":138,"href":"https:\/\/www.taxisok.fr\/index.php?rest_route=\/wp\/v2\/pages\/122\/revisions\/138"}],"wp:attachment":[{"href":"https:\/\/www.taxisok.fr\/index.php?rest_route=%2Fwp%2Fv2%2Fmedia&parent=122"}],"curies":[{"name":"wp","href":"https:\/\/api.w.org\/{rel}","templated":true}]}}