{"id":5,"date":"2020-06-01T15:34:02","date_gmt":"2020-06-01T13:34:02","guid":{"rendered":"http:\/\/www.taxisok.fr\/?page_id=5"},"modified":"2024-07-12T14:49:53","modified_gmt":"2024-07-12T12:49:53","slug":"contactez-taxisok-et-reservez-votre-taxi-a-bordeaux","status":"publish","type":"page","link":"https:\/\/www.taxisok.fr\/","title":{"rendered":"Pr\u00e9sentation"},"content":{"rendered":"\n<script type=\"text\/javascript\">\r\ndocument.addEventListener(\"DOMContentLoaded\", function(event) { \r\n\tjQuery( '#slider-pro-3-38' ).sliderPro({\r\n\t\t\/\/width\r\n\t\t\t\tforceSize: 'fullWidth', \/\/'fullWidth', 'fullWindow', 'none'\r\n\t\t\t\t\r\n\t\t\/\/height\r\n\t\t\t\tautoHeight: true,\r\n\t\t\t\t\r\n\t\t\/\/autoplay\r\n\t\t\t\t\t\tautoplay: true,\r\n\t\tautoplayOnHover: 'pause',\r\n\t\t\t\t\t\tautoplayDelay: 5000,\r\n\t\t\r\n\t\t\r\n\t\tarrows: true,\r\n\t\tbuttons: true,\r\n\t\tsmallSize: 500,\r\n\t\tmediumSize: 1000,\r\n\t\tlargeSize: 3000,\r\n\t\tfade: false,\r\n\t\t\r\n\t\t\/\/thumbnail\r\n\t\tthumbnailArrows: true,\r\n\t\tthumbnailWidth: 120,\r\n\t\tthumbnailHeight: 120,\r\n\t\t\t\t\t\tthumbnailsPosition: 'bottom',\r\n\t\t\t\t\t\tcenterImage: true,\r\n\t\timageScaleMode: 'exact',\r\n\t\tallowScaleUp: true,\r\n\t\t\t\tstartSlide: 0,\r\n\t\tloop: true,\r\n\t\tslideDistance: 5,\r\n\t\tautoplayDirection: 'normal',\r\n\t\ttouchSwipe: true,\r\n\t\tfullScreen: false,\r\n\t});\r\n});\r\n<\/script>\r\n<style>\r\n\/* Layout 3 *\/\r\n\/* border *\/\r\n#slider-pro-3-38 .sp-selected-thumbnail {\r\n\tborder: 4px solid #000000;\r\n}\r\n\r\n\/* font + color *\/\r\n.title-in  {\r\n\tfont-family: Arial !important;\r\n\tcolor: #FFFFFF !important;\r\n\tbackground-color: #000000 !important;\r\n\topacity: 0.7 !important;\r\n}\r\n.desc-in  {\r\n\tfont-family: Arial !important;\r\n\tcolor: #FFFFFF !important;\r\n\tbackground-color: #00000 !important;\r\n\topacity: 0.7 !important;\r\n}\r\n\r\n\/* bullets color *\/\r\n.sp-button  {\r\n\tborder: 2px solid #000000 !important;\r\n}\r\n.sp-selected-button  {\r\n\tbackground-color: #000000 !important;\r\n}\r\n\r\n\/* pointer color - bottom *\/\r\n.sp-selected-thumbnail::before {\r\n\tborder-bottom: 5px solid #000000 !important;\r\n}\r\n.sp-selected-thumbnail::after {\r\n\tborder-bottom: 13px solid #000000 !important;\r\n}\r\n\r\n\/* pointer color - top *\/\r\n\r\n\/* full screen icon *\/\r\n.sp-full-screen-button::before {\r\n    color: #FFFFFF !important;\r\n}\r\n\r\n\/* hover navigation icon color *\/\r\n.sp-next-arrow::after, .sp-next-arrow::before {\r\n\tbackground-color: #FFFFFF !important;\r\n}\r\n.sp-previous-arrow::after, .sp-previous-arrow::before {\r\n\tbackground-color: #FFFFFF !important;\r\n}\r\n\r\n#slider-pro-3-38 .title-in {\r\n\tcolor: #FFFFFF !important;\r\n\tfont-weight: bolder;\r\n\ttext-align: center;\r\n}\r\n\r\n#slider-pro-3-38 .title-in-bg {\r\n\tbackground: rgba(255, 255, 255, 0.7); !important;\r\n\twhite-space: unset !important;\r\n\tmax-width: 90%;\r\n\tmin-width: 40%;\r\n\ttransform: initial !important;\r\n\t-webkit-transform: initial !important;\r\n\tfont-size: 14px !important;\r\n}\r\n\r\n#slider-pro-3-38 .desc-in {\r\n\tcolor: #FFFFFF !important;\r\n\ttext-align: center;\r\n}\r\n#slider-pro-3-38 .desc-in-bg {\r\n\tbackground: rgba(#00000, 0.7) !important;\r\n\twhite-space: unset !important;\r\n\twidth: 80% !important;\r\n\tmin-width: 30%;\r\n\ttransform: initial !important;\r\n\t-webkit-transform: initial !important;\r\n\tfont-size: 13px !important;\r\n}\r\n\r\n@media (max-width: 640px) {\r\n\t#slider-pro-3-38 .hide-small-screen {\r\n\t\tdisplay: none;\r\n\t}\r\n}\r\n\r\n@media (max-width: 860px) {\r\n\t#slider-pro-3-38 .sp-layer {\r\n\t\tfont-size: 18px;\r\n\t}\r\n\t\r\n\t#slider-pro-3-38 .hide-medium-screen {\r\n\t\tdisplay: none;\r\n\t}\r\n}\r\n.slides-not-found {\r\n\tbackground-color: #a92929;\r\n\tborder-radius: 5px;\r\n\tcolor: #fff;\r\n\tfont-family: initial;\r\n\ttext-align: center;\r\n\tpadding:12px;\r\n}\r\n\/* Custom CSS *\/\r\n<\/style>\r\n<h3 class=\"uris-slider-post-title\"><\/h3>\r\n\t\t<div id=\"slider-pro-3-38\" class=\"slider-pro\">\r\n\t\t\t<!---- slides div start ---->\r\n\t\t\t<div class=\"sp-slides\">\r\n\t\t\t\t\t\t\t\t\t\t<div class=\"sp-slide\">\r\n\t\t\t\t\t\t\t<img decoding=\"async\" class=\"sp-image\" alt=\"slider3\" src=\"https:\/\/www.taxisok.fr\/wp-content\/plugins\/ultimate-responsive-image-slider\/assets\/css\/images\/blank.gif\" data-src=\"https:\/\/www.taxisok.fr\/wp-content\/uploads\/2020\/06\/slider3.jpg\" \/>\r\n\r\n\t\t\t\t\t\t\t\r\n\t\t\t\t\t\t\t\t\t\t\t\t\t<\/div>\r\n\t\t\t\t\t\t\t\t\t\t\t\t<div class=\"sp-slide\">\r\n\t\t\t\t\t\t\t<img decoding=\"async\" class=\"sp-image\" alt=\"slider1\" src=\"https:\/\/www.taxisok.fr\/wp-content\/plugins\/ultimate-responsive-image-slider\/assets\/css\/images\/blank.gif\" data-src=\"https:\/\/www.taxisok.fr\/wp-content\/uploads\/2020\/06\/slider1.jpg\" \/>\r\n\r\n\t\t\t\t\t\t\t\r\n\t\t\t\t\t\t\t\t\t\t\t\t\t<\/div>\r\n\t\t\t\t\t\t\t\t\t<\/div>\r\n\t\t\t\r\n\t\t\t<!---- slides div end ---->\r\n\t\t\t\t\t\t<!-- slides thumbnails div end -->\r\n\t\t<\/div>\r\n\n\n\n\n<p><strong>R\u00e9servation et devis imm\u00e9diat :<\/strong><br><br>Appelez-nous pour toute demande de Taxi imm\u00e9diat ou en r\u00e9servation.<\/p>\n\n\n\n<p>&nbsp;Nous proposons le transport de personnes vers les gares, les a\u00e9roports et vignobles du Bordelais en Van priv\u00e9 avec chauffeur.<\/p>\n\n\n\n<p>Conventionn\u00e9 pour les transports ambulances et vsl vers les h\u00f4pitaux, les consultations externes, depuis notre si\u00e8ge de Cubzac-les-Ponts et nos bureaux de Lormont.<\/p>\n\n\n\n<p>Tous nos v\u00e9hicules sont climatis\u00e9s pour vous assurer un meilleur service. Nous sommes \u00e0 votre disposition 24h\/24 et 7j\/7, pour r\u00e9pondre \u00e0 tous vos besoins. Pour plus de renseignements, contactez-nous au <strong>0630252427 ou 0524212364<\/strong>, nous serons ravis de vous conduire.<\/p>\n\n\n\n<p>Nous contacter<\/p>\n\n\n\n<p> <\/p>\n\n\n\n<p> <\/p>\n\n\n\n<div class=\"wp-block-columns is-layout-flex wp-container-core-columns-is-layout-1 wp-block-columns-is-layout-flex\">\n<div class=\"wp-block-column is-layout-flow wp-block-column-is-layout-flow\">\n<figure class=\"wp-block-image size-large\"><img loading=\"lazy\" decoding=\"async\" width=\"370\" height=\"200\" src=\"http:\/\/www.taxisok.fr\/wp-content\/uploads\/2020\/06\/img-aeroport-1.jpg\" alt=\"\" class=\"wp-image-78\" srcset=\"https:\/\/www.taxisok.fr\/wp-content\/uploads\/2020\/06\/img-aeroport-1.jpg 370w, https:\/\/www.taxisok.fr\/wp-content\/uploads\/2020\/06\/img-aeroport-1-300x162.jpg 300w\" sizes=\"(max-width: 370px) 100vw, 370px\" \/><\/figure>\n\n\n\n<h4 class=\"wp-block-heading\">Transfert A\u00e9roport<\/h4>\n\n\n\n<p>Simple, pas de stress : nous vous prenons en charge \u00e0 l\u2019a\u00e9roport.<br>Un transfert priv\u00e9, transport porte-\u00e0-porte de votre domicile ou h\u00f4tel jusqu&rsquo;\u00e0 l\u2019a\u00e9roport.<\/p>\n\n\n\n<div class=\"wp-block-buttons is-layout-flex wp-block-buttons-is-layout-flex\">\n<div class=\"wp-block-button\"><a class=\"wp-block-button__link\" href=\"http:\/\/www.taxisok.fr\/?page_id=67\">R\u00e9server maintenant<\/a><\/div>\n<\/div>\n<\/div>\n\n\n\n<div class=\"wp-block-column is-layout-flow wp-block-column-is-layout-flow\">\n<figure class=\"wp-block-image size-large\"><img loading=\"lazy\" decoding=\"async\" width=\"370\" height=\"200\" src=\"http:\/\/www.taxisok.fr\/wp-content\/uploads\/2020\/06\/img-gare.jpg\" alt=\"\" class=\"wp-image-85\" srcset=\"https:\/\/www.taxisok.fr\/wp-content\/uploads\/2020\/06\/img-gare.jpg 370w, https:\/\/www.taxisok.fr\/wp-content\/uploads\/2020\/06\/img-gare-300x162.jpg 300w\" sizes=\"(max-width: 370px) 100vw, 370px\" \/><\/figure>\n\n\n\n<h4 class=\"wp-block-heading\">Transfert Gare<\/h4>\n\n\n\n<p>R\u00e9servez votre Taxi pour rejoindre rapidement votre domicile ou votre lieu de travail vers la gare de votre choix . Prenez rendez-vous en ligne pour votre prochaine course.<\/p>\n\n\n\n<div class=\"wp-block-buttons is-layout-flex wp-block-buttons-is-layout-flex\">\n<div class=\"wp-block-button\"><a class=\"wp-block-button__link\" href=\"http:\/\/www.taxisok.fr\/?page_id=69\">R\u00e9server maintenant<\/a><\/div>\n<\/div>\n<\/div>\n\n\n\n<div class=\"wp-block-column is-layout-flow wp-block-column-is-layout-flow\">\n<figure class=\"wp-block-image size-large\"><img loading=\"lazy\" decoding=\"async\" width=\"370\" height=\"200\" src=\"http:\/\/www.taxisok.fr\/wp-content\/uploads\/2020\/06\/img-autre.jpg\" alt=\"\" class=\"wp-image-86\" srcset=\"https:\/\/www.taxisok.fr\/wp-content\/uploads\/2020\/06\/img-autre.jpg 370w, https:\/\/www.taxisok.fr\/wp-content\/uploads\/2020\/06\/img-autre-300x162.jpg 300w\" sizes=\"(max-width: 370px) 100vw, 370px\" \/><\/figure>\n\n\n\n<h4 class=\"wp-block-heading\">Qualit\u00e9 de service<\/h4>\n\n\n\n<p>Plus de stress au moment du d\u00e9part. Votre taxi est r\u00e9serv\u00e9 \u00e0 l&rsquo;avance et vous \u00eates assur\u00e9s que votre chauffeur sera \u00e0 votre adresse \u00e0 l&rsquo;heure convenue.<\/p>\n\n\n\n<div class=\"wp-block-buttons is-layout-flex wp-block-buttons-is-layout-flex\">\n<div class=\"wp-block-button\"><a class=\"wp-block-button__link\" href=\"http:\/\/www.taxisok.fr\/?page_id=72\">R\u00e9server maintenant<\/a><\/div>\n<\/div>\n<\/div>\n<\/div>\n\n\n\n<p><\/p>\n","protected":false},"excerpt":{"rendered":"<p>R\u00e9servation et devis imm\u00e9diat : Appelez-nous pour toute demande de Taxi imm\u00e9diat ou en r\u00e9servation. &nbsp;Nous proposons le transport de personnes vers les gares, les a\u00e9roports et vignobles du Bordelais en Van priv\u00e9 avec chauffeur. Conventionn\u00e9 pour les transports ambulances et vsl vers les h\u00f4pitaux, les consultations externes, depuis notre si\u00e8ge de Cubzac-les-Ponts et nos bureaux de Lormont. Tous nos v\u00e9hicules sont climatis\u00e9s pour vous assurer un meilleur service. Nous sommes \u00e0 votre disposition 24h\/24 et 7j\/7, pour r\u00e9pondre \u00e0 tous vos besoins. Pour plus de renseignements, contactez-nous au 0630252427 ou 0524212364, nous serons ravis de vous conduire. Nous contacter Transfert A\u00e9roport Simple, pas de stress : nous vous prenons en charge \u00e0 l\u2019a\u00e9roport.Un transfert priv\u00e9, transport porte-\u00e0-porte de votre domicile ou h\u00f4tel jusqu&rsquo;\u00e0 l\u2019a\u00e9roport. Transfert Gare R\u00e9servez votre Taxi pour rejoindre rapidement votre domicile ou votre lieu de travail vers la gare de votre choix . Prenez rendez-vous en ligne pour votre prochaine course. Qualit\u00e9 de service Plus de stress au moment du d\u00e9part. Votre taxi est r\u00e9serv\u00e9 \u00e0 l&rsquo;avance et vous \u00eates assur\u00e9s que votre chauffeur sera \u00e0 votre adresse \u00e0 l&rsquo;heure convenue.<\/p>\n","protected":false},"author":1,"featured_media":0,"parent":0,"menu_order":0,"comment_status":"closed","ping_status":"closed","template":"","meta":{"footnotes":""},"class_list":["post-5","page","type-page","status-publish","hentry"],"yoast_head":"<!-- This site is optimized with the Yoast SEO plugin v14.5 - https:\/\/yoast.com\/wordpress\/plugins\/seo\/ -->\n<title>Contactez Taxisok et r\u00e9servez votre taxi \u00e0 Bordeaux<\/title>\n<meta name=\"description\" content=\"Contactez Taxisok et r\u00e9servez directement en ligne votre taxi \u00e0 Bordeaux en toute simplicit\u00e9 pour vos transferts gare et\/ou a\u00e9roport\" \/>\n<meta name=\"robots\" content=\"index, follow\" \/>\n<meta name=\"googlebot\" content=\"index, follow, max-snippet:-1, max-image-preview:large, max-video-preview:-1\" \/>\n<meta name=\"bingbot\" content=\"index, follow, max-snippet:-1, max-image-preview:large, max-video-preview:-1\" \/>\n<link rel=\"canonical\" href=\"http:\/\/www.taxisok.fr\/\" \/>\n<meta property=\"og:locale\" content=\"fr_FR\" \/>\n<meta property=\"og:type\" content=\"article\" \/>\n<meta property=\"og:title\" content=\"Contactez Taxisok et r\u00e9servez votre taxi \u00e0 Bordeaux\" \/>\n<meta property=\"og:description\" content=\"Contactez Taxisok et r\u00e9servez directement en ligne votre taxi \u00e0 Bordeaux en toute simplicit\u00e9 pour vos transferts gare et\/ou a\u00e9roport\" \/>\n<meta property=\"og:url\" content=\"http:\/\/www.taxisok.fr\/\" \/>\n<meta property=\"og:site_name\" content=\"Taxi Fr\u00e8res SOK\" \/>\n<meta property=\"article:modified_time\" content=\"2024-07-12T12:49:53+00:00\" \/>\n<meta property=\"og:image\" content=\"http:\/\/www.taxisok.fr\/wp-content\/uploads\/2020\/06\/img-aeroport-1.jpg\" \/>\n<meta name=\"twitter:card\" content=\"summary_large_image\" \/>\n<script type=\"application\/ld+json\" class=\"yoast-schema-graph\">{\"@context\":\"https:\/\/schema.org\",\"@graph\":[{\"@type\":\"WebSite\",\"@id\":\"https:\/\/www.taxisok.fr\/#website\",\"url\":\"https:\/\/www.taxisok.fr\/\",\"name\":\"Taxi Fr\\u00e8res SOK\",\"description\":\"Taxi VSL Cubzaguais et Blayais 0630252427\",\"potentialAction\":[{\"@type\":\"SearchAction\",\"target\":\"https:\/\/www.taxisok.fr\/?s={search_term_string}\",\"query-input\":\"required name=search_term_string\"}],\"inLanguage\":\"fr-FR\"},{\"@type\":\"ImageObject\",\"@id\":\"http:\/\/www.taxisok.fr\/#primaryimage\",\"inLanguage\":\"fr-FR\",\"url\":\"http:\/\/www.taxisok.fr\/wp-content\/uploads\/2020\/06\/img-aeroport-1.jpg\"},{\"@type\":\"WebPage\",\"@id\":\"http:\/\/www.taxisok.fr\/#webpage\",\"url\":\"http:\/\/www.taxisok.fr\/\",\"name\":\"Contactez Taxisok et r\\u00e9servez votre taxi \\u00e0 Bordeaux\",\"isPartOf\":{\"@id\":\"https:\/\/www.taxisok.fr\/#website\"},\"primaryImageOfPage\":{\"@id\":\"http:\/\/www.taxisok.fr\/#primaryimage\"},\"datePublished\":\"2020-06-01T13:34:02+00:00\",\"dateModified\":\"2024-07-12T12:49:53+00:00\",\"description\":\"Contactez Taxisok et r\\u00e9servez directement en ligne votre taxi \\u00e0 Bordeaux en toute simplicit\\u00e9 pour vos transferts gare et\/ou a\\u00e9roport\",\"inLanguage\":\"fr-FR\",\"potentialAction\":[{\"@type\":\"ReadAction\",\"target\":[\"http:\/\/www.taxisok.fr\/\"]}]}]}<\/script>\n<!-- \/ Yoast SEO plugin. -->","_links":{"self":[{"href":"https:\/\/www.taxisok.fr\/index.php?rest_route=\/wp\/v2\/pages\/5"}],"collection":[{"href":"https:\/\/www.taxisok.fr\/index.php?rest_route=\/wp\/v2\/pages"}],"about":[{"href":"https:\/\/www.taxisok.fr\/index.php?rest_route=\/wp\/v2\/types\/page"}],"author":[{"embeddable":true,"href":"https:\/\/www.taxisok.fr\/index.php?rest_route=\/wp\/v2\/users\/1"}],"replies":[{"embeddable":true,"href":"https:\/\/www.taxisok.fr\/index.php?rest_route=%2Fwp%2Fv2%2Fcomments&post=5"}],"version-history":[{"count":21,"href":"https:\/\/www.taxisok.fr\/index.php?rest_route=\/wp\/v2\/pages\/5\/revisions"}],"predecessor-version":[{"id":137,"href":"https:\/\/www.taxisok.fr\/index.php?rest_route=\/wp\/v2\/pages\/5\/revisions\/137"}],"wp:attachment":[{"href":"https:\/\/www.taxisok.fr\/index.php?rest_route=%2Fwp%2Fv2%2Fmedia&parent=5"}],"curies":[{"name":"wp","href":"https:\/\/api.w.org\/{rel}","templated":true}]}}