{"id":61,"date":"2020-06-04T16:30:24","date_gmt":"2020-06-04T14:30:24","guid":{"rendered":"http:\/\/www.taxisok.fr\/?page_id=61"},"modified":"2024-07-12T14:51:41","modified_gmt":"2024-07-12T12:51:41","slug":"contactez-taxisok-societe-de-taxis-a-bordeaux","status":"publish","type":"page","link":"https:\/\/www.taxisok.fr\/?page_id=61","title":{"rendered":"Contact"},"content":{"rendered":"\n<div role=\"form\" class=\"wpcf7\" id=\"wpcf7-f60-o1\" lang=\"fr-FR\" dir=\"ltr\">\n<div class=\"screen-reader-response\" aria-live=\"polite\"><\/div>\n<form action=\"\/index.php?rest_route=%2Fwp%2Fv2%2Fpages%2F61#wpcf7-f60-o1\" method=\"post\" class=\"wpcf7-form\" novalidate=\"novalidate\">\n<div style=\"display: none;\">\n<input type=\"hidden\" name=\"_wpcf7\" value=\"60\" \/>\n<input type=\"hidden\" name=\"_wpcf7_version\" value=\"5.1.9\" \/>\n<input type=\"hidden\" name=\"_wpcf7_locale\" value=\"fr_FR\" \/>\n<input type=\"hidden\" name=\"_wpcf7_unit_tag\" value=\"wpcf7-f60-o1\" \/>\n<input type=\"hidden\" name=\"_wpcf7_container_post\" value=\"0\" \/>\n<\/div>\n<p><label> Votre civilit\u00e9 (obligatoire)<\/label><br \/>\n<span class=\"wpcf7-form-control-wrap menu-599\"><select name=\"menu-599\" class=\"wpcf7-form-control wpcf7-select wpcf7-validates-as-required\" aria-required=\"true\" aria-invalid=\"false\"><option value=\"Mr\">Mr<\/option><option value=\"Mme\">Mme<\/option><\/select><\/span><\/p>\n<p><label> Votre nom (obligatoire)<br \/>\n    <span class=\"wpcf7-form-control-wrap your-name\"><input type=\"text\" name=\"your-name\" value=\"\" size=\"40\" class=\"wpcf7-form-control wpcf7-text wpcf7-validates-as-required\" aria-required=\"true\" aria-invalid=\"false\" \/><\/span> <\/label><\/p>\n<p><label> Votre pr\u00e9nom(obligatoire)<br \/>\n    <span class=\"wpcf7-form-control-wrap your-forename\"><input type=\"text\" name=\"your-forename\" value=\"\" size=\"40\" class=\"wpcf7-form-control wpcf7-text wpcf7-validates-as-required\" aria-required=\"true\" aria-invalid=\"false\" \/><\/span> <\/label><\/p>\n<p><label> Votre adresse de messagerie (obligatoire)<br \/>\n    <span class=\"wpcf7-form-control-wrap your-email\"><input type=\"email\" name=\"your-email\" value=\"\" size=\"40\" class=\"wpcf7-form-control wpcf7-text wpcf7-email wpcf7-validates-as-required wpcf7-validates-as-email\" aria-required=\"true\" aria-invalid=\"false\" \/><\/span> <\/label><\/p>\n<p><label> Votre num\u00e9ro de t\u00e9l\u00e9phone (obligatoire)<\/label><br \/>\n<span class=\"wpcf7-form-control-wrap tel-828\"><input type=\"tel\" name=\"tel-828\" value=\"\" size=\"40\" class=\"wpcf7-form-control wpcf7-text wpcf7-tel wpcf7-validates-as-required wpcf7-validates-as-tel\" aria-required=\"true\" aria-invalid=\"false\" \/><\/span><\/p>\n<p><label> Objet du message<br \/>\n    <span class=\"wpcf7-form-control-wrap your-subject\"><input type=\"text\" name=\"your-subject\" value=\"\" size=\"40\" class=\"wpcf7-form-control wpcf7-text\" aria-invalid=\"false\" \/><\/span> <\/label><\/p>\n<p><label> Votre message<br \/>\n    <span class=\"wpcf7-form-control-wrap your-message\"><textarea name=\"your-message\" cols=\"40\" rows=\"10\" class=\"wpcf7-form-control wpcf7-textarea\" aria-invalid=\"false\"><\/textarea><\/span> <\/label><\/p>\n<p><input type=\"submit\" value=\"Envoyer\" class=\"wpcf7-form-control wpcf7-submit\" \/><\/p>\n<div class=\"wpcf7-response-output wpcf7-display-none\" aria-hidden=\"true\"><\/div><\/form><\/div>\n","protected":false},"excerpt":{"rendered":"","protected":false},"author":1,"featured_media":0,"parent":0,"menu_order":0,"comment_status":"closed","ping_status":"closed","template":"","meta":{"footnotes":""},"class_list":["post-61","page","type-page","status-publish","hentry"],"yoast_head":"<!-- This site is optimized with the Yoast SEO plugin v14.5 - https:\/\/yoast.com\/wordpress\/plugins\/seo\/ -->\n<title>Contactez taxisok, soci\u00e9t\u00e9 de taxis \u00e0 Bordeaux<\/title>\n<meta name=\"description\" content=\"Contactez taxisok, soci\u00e9t\u00e9 de taxis \u00e0 Bordeaux\" \/>\n<meta name=\"robots\" content=\"index, follow\" \/>\n<meta name=\"googlebot\" content=\"index, follow, max-snippet:-1, max-image-preview:large, max-video-preview:-1\" \/>\n<meta name=\"bingbot\" content=\"index, follow, max-snippet:-1, max-image-preview:large, max-video-preview:-1\" \/>\n<link rel=\"canonical\" href=\"http:\/\/www.taxisok.fr\/?page_id=61\" \/>\n<meta property=\"og:locale\" content=\"fr_FR\" \/>\n<meta property=\"og:type\" content=\"article\" \/>\n<meta property=\"og:title\" content=\"Contactez taxisok, soci\u00e9t\u00e9 de taxis \u00e0 Bordeaux\" \/>\n<meta property=\"og:description\" content=\"Contactez taxisok, soci\u00e9t\u00e9 de taxis \u00e0 Bordeaux\" \/>\n<meta property=\"og:url\" content=\"http:\/\/www.taxisok.fr\/?page_id=61\" \/>\n<meta property=\"og:site_name\" content=\"Taxi Fr\u00e8res SOK\" \/>\n<meta property=\"article:modified_time\" content=\"2024-07-12T12:51:41+00:00\" \/>\n<meta name=\"twitter:card\" content=\"summary_large_image\" \/>\n<script type=\"application\/ld+json\" class=\"yoast-schema-graph\">{\"@context\":\"https:\/\/schema.org\",\"@graph\":[{\"@type\":\"WebSite\",\"@id\":\"https:\/\/www.taxisok.fr\/#website\",\"url\":\"https:\/\/www.taxisok.fr\/\",\"name\":\"Taxi Fr\\u00e8res SOK\",\"description\":\"Taxi VSL Cubzaguais et Blayais 0630252427\",\"potentialAction\":[{\"@type\":\"SearchAction\",\"target\":\"https:\/\/www.taxisok.fr\/?s={search_term_string}\",\"query-input\":\"required name=search_term_string\"}],\"inLanguage\":\"fr-FR\"},{\"@type\":\"WebPage\",\"@id\":\"http:\/\/www.taxisok.fr\/?page_id=61#webpage\",\"url\":\"http:\/\/www.taxisok.fr\/?page_id=61\",\"name\":\"Contactez taxisok, soci\\u00e9t\\u00e9 de taxis \\u00e0 Bordeaux\",\"isPartOf\":{\"@id\":\"https:\/\/www.taxisok.fr\/#website\"},\"datePublished\":\"2020-06-04T14:30:24+00:00\",\"dateModified\":\"2024-07-12T12:51:41+00:00\",\"description\":\"Contactez taxisok, soci\\u00e9t\\u00e9 de taxis \\u00e0 Bordeaux\",\"inLanguage\":\"fr-FR\",\"potentialAction\":[{\"@type\":\"ReadAction\",\"target\":[\"http:\/\/www.taxisok.fr\/?page_id=61\"]}]}]}<\/script>\n<!-- \/ Yoast SEO plugin. -->","_links":{"self":[{"href":"https:\/\/www.taxisok.fr\/index.php?rest_route=\/wp\/v2\/pages\/61"}],"collection":[{"href":"https:\/\/www.taxisok.fr\/index.php?rest_route=\/wp\/v2\/pages"}],"about":[{"href":"https:\/\/www.taxisok.fr\/index.php?rest_route=\/wp\/v2\/types\/page"}],"author":[{"embeddable":true,"href":"https:\/\/www.taxisok.fr\/index.php?rest_route=\/wp\/v2\/users\/1"}],"replies":[{"embeddable":true,"href":"https:\/\/www.taxisok.fr\/index.php?rest_route=%2Fwp%2Fv2%2Fcomments&post=61"}],"version-history":[{"count":3,"href":"https:\/\/www.taxisok.fr\/index.php?rest_route=\/wp\/v2\/pages\/61\/revisions"}],"predecessor-version":[{"id":106,"href":"https:\/\/www.taxisok.fr\/index.php?rest_route=\/wp\/v2\/pages\/61\/revisions\/106"}],"wp:attachment":[{"href":"https:\/\/www.taxisok.fr\/index.php?rest_route=%2Fwp%2Fv2%2Fmedia&parent=61"}],"curies":[{"name":"wp","href":"https:\/\/api.w.org\/{rel}","templated":true}]}}