{"id":67,"date":"2020-06-04T16:52:00","date_gmt":"2020-06-04T14:52:00","guid":{"rendered":"http:\/\/www.taxisok.fr\/?page_id=67"},"modified":"2020-07-08T17:35:30","modified_gmt":"2020-07-08T15:35:30","slug":"taxisok-societe-de-taxis-a-bordeaux-effectue-vos-transferts-aeroport","status":"publish","type":"page","link":"https:\/\/www.taxisok.fr\/?page_id=67","title":{"rendered":"Formulaire transfert a\u00e9roport"},"content":{"rendered":"\n<div role=\"form\" class=\"wpcf7\" id=\"wpcf7-f66-o1\" lang=\"fr-FR\" dir=\"ltr\">\n<div class=\"screen-reader-response\" aria-live=\"polite\"><\/div>\n<form action=\"\/index.php?rest_route=%2Fwp%2Fv2%2Fpages%2F67#wpcf7-f66-o1\" method=\"post\" class=\"wpcf7-form\" novalidate=\"novalidate\">\n<div style=\"display: none;\">\n<input type=\"hidden\" name=\"_wpcf7\" value=\"66\" \/>\n<input type=\"hidden\" name=\"_wpcf7_version\" value=\"5.1.9\" \/>\n<input type=\"hidden\" name=\"_wpcf7_locale\" value=\"fr_FR\" \/>\n<input type=\"hidden\" name=\"_wpcf7_unit_tag\" value=\"wpcf7-f66-o1\" \/>\n<input type=\"hidden\" name=\"_wpcf7_container_post\" value=\"0\" \/>\n<\/div>\n<h1>Informations passagers<\/h1>\n<p><label> Votre nom (obligatoire)<br \/>\n    <span class=\"wpcf7-form-control-wrap your-name\"><input type=\"text\" name=\"your-name\" value=\"\" size=\"40\" class=\"wpcf7-form-control wpcf7-text wpcf7-validates-as-required\" aria-required=\"true\" aria-invalid=\"false\" \/><\/span> <\/label><\/p>\n<p><label> Votre pr\u00e9nom (obligatoire)<br \/>\n    <span class=\"wpcf7-form-control-wrap your-forename\"><input type=\"text\" name=\"your-forename\" value=\"\" size=\"40\" class=\"wpcf7-form-control wpcf7-text wpcf7-validates-as-required\" aria-required=\"true\" aria-invalid=\"false\" \/><\/span> <\/label><\/p>\n<p><label> Votre adresse de messagerie (obligatoire)<br \/>\n    <span class=\"wpcf7-form-control-wrap your-email\"><input type=\"email\" name=\"your-email\" value=\"\" size=\"40\" class=\"wpcf7-form-control wpcf7-text wpcf7-email wpcf7-validates-as-required wpcf7-validates-as-email\" aria-required=\"true\" aria-invalid=\"false\" \/><\/span> <\/label><\/p>\n<p><label> Votre num\u00e9ro de t\u00e9l\u00e9phone (obligatoire)<\/label><br \/>\n<span class=\"wpcf7-form-control-wrap tel-142\"><input type=\"tel\" name=\"tel-142\" value=\"\" size=\"40\" class=\"wpcf7-form-control wpcf7-text wpcf7-tel wpcf7-validates-as-required wpcf7-validates-as-tel\" aria-required=\"true\" aria-invalid=\"false\" \/><\/span><\/p>\n<h1>D\u00e9tails de la r\u00e9servation<\/h1>\n<p><label> Date (obligatoire)<\/label><br \/>\n<span class=\"wpcf7-form-control-wrap date-522\"><input type=\"date\" name=\"date-522\" value=\"\" class=\"wpcf7-form-control wpcf7-date wpcf7-validates-as-required wpcf7-validates-as-date\" aria-required=\"true\" aria-invalid=\"false\" \/><\/span><\/p>\n<p><label> Heure (obligatoire)<\/label><br \/>\n<span class=\"wpcf7-form-control-wrap your-hour\"><select name=\"your-hour\" class=\"wpcf7-form-control wpcf7-select wpcf7-validates-as-required\" aria-required=\"true\" aria-invalid=\"false\"><option value=\"00 h 00\">00 h 00<\/option><option value=\"00 h 15\">00 h 15<\/option><option value=\"00 h 30\">00 h 30<\/option><option value=\"00 h 45\">00 h 45<\/option><option value=\"01 h 00\">01 h 00<\/option><option value=\"01 h 15\">01 h 15<\/option><option value=\"01 h 30\">01 h 30<\/option><option value=\"01 h 45\">01 h 45<\/option><option value=\"02 h 00\">02 h 00<\/option><option value=\"02 h 15\">02 h 15<\/option><option value=\"02 h 30\">02 h 30<\/option><option value=\"02 h 45\">02 h 45<\/option><option value=\"03 h 00\">03 h 00<\/option><option value=\"03 h 15\">03 h 15<\/option><option value=\"03 h 30\">03 h 30<\/option><option value=\"03 h 45\">03 h 45<\/option><option value=\"04 h 00\">04 h 00<\/option><option value=\"04 h 15\">04 h 15<\/option><option value=\"04 h 30\">04 h 30<\/option><option value=\"04 h 45\">04 h 45<\/option><option value=\"05 h 00\">05 h 00<\/option><option value=\"05 h 15\">05 h 15<\/option><option value=\"05 h 30\">05 h 30<\/option><option value=\"05 h 45\">05 h 45<\/option><option value=\"06 h 00\">06 h 00<\/option><option value=\"06 h 15\">06 h 15<\/option><option value=\"06 h 30\">06 h 30<\/option><option value=\"06 h 45\">06 h 45<\/option><option value=\"07 h 00\">07 h 00<\/option><option value=\"07 h 15\">07 h 15<\/option><option value=\"07 h 30\">07 h 30<\/option><option value=\"07 h 45\">07 h 45<\/option><option value=\"08 h 00\">08 h 00<\/option><option value=\"08 h 15\">08 h 15<\/option><option value=\"08 h 30\">08 h 30<\/option><option value=\"08 h 45\">08 h 45<\/option><option value=\"09 h 00\">09 h 00<\/option><option value=\"09 h 15\">09 h 15<\/option><option value=\"09 h 30\">09 h 30<\/option><option value=\"09 h 45\">09 h 45<\/option><option value=\"10 h 00\">10 h 00<\/option><option value=\"10 h 15\">10 h 15<\/option><option value=\"10 h 30\">10 h 30<\/option><option value=\"10 h 45\">10 h 45<\/option><option value=\"11 h 00\">11 h 00<\/option><option value=\"11 h 15\">11 h 15<\/option><option value=\"11 h 30\">11 h 30<\/option><option value=\"11 h 45\">11 h 45<\/option><option value=\"12 h 00\">12 h 00<\/option><option value=\"12 h 15\">12 h 15<\/option><option value=\"12 h 30\">12 h 30<\/option><option value=\"12 h 45\">12 h 45<\/option><option value=\"13 h 00\">13 h 00<\/option><option value=\"13 h 15\">13 h 15<\/option><option value=\"13 h 30\">13 h 30<\/option><option value=\"13 h 45\">13 h 45<\/option><option value=\"14 h 00\">14 h 00<\/option><option value=\"14 h 15\">14 h 15<\/option><option value=\"14 h 30\">14 h 30<\/option><option value=\"14 h 45\">14 h 45<\/option><option value=\"15 h 00\">15 h 00<\/option><option value=\"15 h 15\">15 h 15<\/option><option value=\"15 h 30\">15 h 30<\/option><option value=\"15 h 45\">15 h 45<\/option><option value=\"16 h 00\">16 h 00<\/option><option value=\"16 h 15\">16 h 15<\/option><option value=\"16 h 30\">16 h 30<\/option><option value=\"16 h 45\">16 h 45<\/option><option value=\"17 h 00\">17 h 00<\/option><option value=\"17 h15\">17 h15<\/option><option value=\"17 h 30\">17 h 30<\/option><option value=\"17 h 45\">17 h 45<\/option><option value=\"18 h 00\">18 h 00<\/option><option value=\"18 h 15\">18 h 15<\/option><option value=\"18 h 30\">18 h 30<\/option><option value=\"18 h 45\">18 h 45<\/option><option value=\"19 h 00\">19 h 00<\/option><option value=\"19 h 15\">19 h 15<\/option><option value=\"19 h 30\">19 h 30<\/option><option value=\"19 h 45\">19 h 45<\/option><option value=\"20 h 00\">20 h 00<\/option><option value=\"20 h 15\">20 h 15<\/option><option value=\"20 h 30\">20 h 30<\/option><option value=\"20 h 45\">20 h 45<\/option><option value=\"21 h 00\">21 h 00<\/option><option value=\"21 h 15\">21 h 15<\/option><option value=\"21 h 30\">21 h 30<\/option><option value=\"21 h 45\">21 h 45<\/option><option value=\"22 h 00\">22 h 00<\/option><option value=\"22 h 15\">22 h 15<\/option><option value=\"22 h 30\">22 h 30<\/option><option value=\"22 h 45\">22 h 45<\/option><option value=\"23 h 00\">23 h 00<\/option><option value=\"23 h 15\">23 h 15<\/option><option value=\"23 h 30\">23 h 30<\/option><option value=\"23 h 45\">23 h 45<\/option><\/select><\/span> <\/p>\n<p><label> Nombre de place <i>( limit\u00e9 a 9 )<\/i> (obligatoire)<br \/>\n    <span class=\"wpcf7-form-control-wrap nbr-place\"><input type=\"text\" name=\"nbr-place\" value=\"\" size=\"40\" class=\"wpcf7-form-control wpcf7-text wpcf7-validates-as-required\" aria-required=\"true\" aria-invalid=\"false\" \/><\/span> <\/label><\/p>\n<p><label> Autres<br \/>\n    <span class=\"wpcf7-form-control-wrap autres\"><input type=\"text\" name=\"autres\" value=\"\" size=\"40\" class=\"wpcf7-form-control wpcf7-text\" aria-invalid=\"false\" \/><\/span> <\/label><\/p>\n<h1>Adresse de d\u00e9part<\/h1>\n<p><label> Adresse (obligatoire)<br \/>\n    <span class=\"wpcf7-form-control-wrap adresse-depart\"><input type=\"text\" name=\"adresse-depart\" value=\"\" size=\"40\" class=\"wpcf7-form-control wpcf7-text wpcf7-validates-as-required\" aria-required=\"true\" aria-invalid=\"false\" \/><\/span> <\/label><\/p>\n<p><label>Ville (obligatoire)<br \/>\n    <span class=\"wpcf7-form-control-wrap ville-depart\"><input type=\"text\" name=\"ville-depart\" value=\"\" size=\"40\" class=\"wpcf7-form-control wpcf7-text wpcf7-validates-as-required\" aria-required=\"true\" aria-invalid=\"false\" \/><\/span> <\/label><\/p>\n<p><label> Code postal (obligatoire)<br \/>\n    <span class=\"wpcf7-form-control-wrap code-postal-depart\"><input type=\"text\" name=\"code-postal-depart\" value=\"\" size=\"40\" class=\"wpcf7-form-control wpcf7-text wpcf7-validates-as-required\" aria-required=\"true\" aria-invalid=\"false\" \/><\/span> <\/label><\/p>\n<p><label> Num\u00e9ro de vol\/train<br \/>\n    <span class=\"wpcf7-form-control-wrap numero-depart\"><input type=\"text\" name=\"numero-depart\" value=\"\" size=\"40\" class=\"wpcf7-form-control wpcf7-text\" aria-invalid=\"false\" \/><\/span> <\/label><\/p>\n<h1>Adresse d'arriv\u00e9e<\/h1>\n<p><label> Adresse (obligatoire)<br \/>\n    <span class=\"wpcf7-form-control-wrap adresse-arriver\"><input type=\"text\" name=\"adresse-arriver\" value=\"\" size=\"40\" class=\"wpcf7-form-control wpcf7-text wpcf7-validates-as-required\" aria-required=\"true\" aria-invalid=\"false\" \/><\/span> <\/label><\/p>\n<p><label>Ville (obligatoire)<br \/>\n    <span class=\"wpcf7-form-control-wrap ville-arriver\"><input type=\"text\" name=\"ville-arriver\" value=\"\" size=\"40\" class=\"wpcf7-form-control wpcf7-text wpcf7-validates-as-required\" aria-required=\"true\" aria-invalid=\"false\" \/><\/span> <\/label><\/p>\n<p><label> Code postal (obligatoire)<br \/>\n    <span class=\"wpcf7-form-control-wrap code-postal-arriver\"><input type=\"text\" name=\"code-postal-arriver\" value=\"\" size=\"40\" class=\"wpcf7-form-control wpcf7-text wpcf7-validates-as-required\" aria-required=\"true\" aria-invalid=\"false\" \/><\/span> <\/label><\/p>\n<p><label> Num\u00e9ro de vol\/train<br \/>\n    <span class=\"wpcf7-form-control-wrap numero-arriver\"><input type=\"text\" name=\"numero-arriver\" value=\"\" size=\"40\" class=\"wpcf7-form-control wpcf7-text\" aria-invalid=\"false\" \/><\/span> <\/label><\/p>\n<p><input type=\"submit\" value=\"Valider\" class=\"wpcf7-form-control wpcf7-submit\" \/><\/p>\n<div class=\"wpcf7-response-output wpcf7-display-none\" aria-hidden=\"true\"><\/div><\/form><\/div>\n","protected":false},"excerpt":{"rendered":"","protected":false},"author":1,"featured_media":0,"parent":0,"menu_order":0,"comment_status":"closed","ping_status":"closed","template":"","meta":{"footnotes":""},"class_list":["post-67","page","type-page","status-publish","hentry"],"yoast_head":"<!-- This site is optimized with the Yoast SEO plugin v14.5 - https:\/\/yoast.com\/wordpress\/plugins\/seo\/ -->\n<title>Formulaire transfert a\u00e9roport - Taxi Fr\u00e8res SOK<\/title>\n<meta name=\"description\" content=\"Taxisok, soci\u00e9t\u00e9 de taxis \u00e0 Bordeaux, effectue vos transferts depuis et vers l&#039;a\u00e9roport de Bordeaux M\u00e9rignac\" \/>\n<meta name=\"robots\" content=\"index, follow\" \/>\n<meta name=\"googlebot\" content=\"index, follow, max-snippet:-1, max-image-preview:large, max-video-preview:-1\" \/>\n<meta name=\"bingbot\" content=\"index, follow, max-snippet:-1, max-image-preview:large, max-video-preview:-1\" \/>\n<link rel=\"canonical\" href=\"http:\/\/www.taxisok.fr\/?page_id=67\" \/>\n<meta property=\"og:locale\" content=\"fr_FR\" \/>\n<meta property=\"og:type\" content=\"article\" \/>\n<meta property=\"og:title\" content=\"Formulaire transfert a\u00e9roport - Taxi Fr\u00e8res SOK\" \/>\n<meta property=\"og:description\" content=\"Taxisok, soci\u00e9t\u00e9 de taxis \u00e0 Bordeaux, effectue vos transferts depuis et vers l&#039;a\u00e9roport de Bordeaux M\u00e9rignac\" \/>\n<meta property=\"og:url\" content=\"http:\/\/www.taxisok.fr\/?page_id=67\" \/>\n<meta property=\"og:site_name\" content=\"Taxi Fr\u00e8res SOK\" \/>\n<meta property=\"article:modified_time\" content=\"2020-07-08T15:35:30+00:00\" \/>\n<meta name=\"twitter:card\" content=\"summary_large_image\" \/>\n<script type=\"application\/ld+json\" class=\"yoast-schema-graph\">{\"@context\":\"https:\/\/schema.org\",\"@graph\":[{\"@type\":\"WebSite\",\"@id\":\"https:\/\/www.taxisok.fr\/#website\",\"url\":\"https:\/\/www.taxisok.fr\/\",\"name\":\"Taxi Fr\\u00e8res SOK\",\"description\":\"Taxi VSL Cubzaguais et Blayais 0630252427\",\"potentialAction\":[{\"@type\":\"SearchAction\",\"target\":\"https:\/\/www.taxisok.fr\/?s={search_term_string}\",\"query-input\":\"required name=search_term_string\"}],\"inLanguage\":\"fr-FR\"},{\"@type\":\"WebPage\",\"@id\":\"http:\/\/www.taxisok.fr\/?page_id=67#webpage\",\"url\":\"http:\/\/www.taxisok.fr\/?page_id=67\",\"name\":\"Formulaire transfert a\\u00e9roport - Taxi Fr\\u00e8res SOK\",\"isPartOf\":{\"@id\":\"https:\/\/www.taxisok.fr\/#website\"},\"datePublished\":\"2020-06-04T14:52:00+00:00\",\"dateModified\":\"2020-07-08T15:35:30+00:00\",\"description\":\"Taxisok, soci\\u00e9t\\u00e9 de taxis \\u00e0 Bordeaux, effectue vos transferts depuis et vers l'a\\u00e9roport de Bordeaux M\\u00e9rignac\",\"inLanguage\":\"fr-FR\",\"potentialAction\":[{\"@type\":\"ReadAction\",\"target\":[\"http:\/\/www.taxisok.fr\/?page_id=67\"]}]}]}<\/script>\n<!-- \/ Yoast SEO plugin. -->","_links":{"self":[{"href":"https:\/\/www.taxisok.fr\/index.php?rest_route=\/wp\/v2\/pages\/67"}],"collection":[{"href":"https:\/\/www.taxisok.fr\/index.php?rest_route=\/wp\/v2\/pages"}],"about":[{"href":"https:\/\/www.taxisok.fr\/index.php?rest_route=\/wp\/v2\/types\/page"}],"author":[{"embeddable":true,"href":"https:\/\/www.taxisok.fr\/index.php?rest_route=\/wp\/v2\/users\/1"}],"replies":[{"embeddable":true,"href":"https:\/\/www.taxisok.fr\/index.php?rest_route=%2Fwp%2Fv2%2Fcomments&post=67"}],"version-history":[{"count":1,"href":"https:\/\/www.taxisok.fr\/index.php?rest_route=\/wp\/v2\/pages\/67\/revisions"}],"predecessor-version":[{"id":68,"href":"https:\/\/www.taxisok.fr\/index.php?rest_route=\/wp\/v2\/pages\/67\/revisions\/68"}],"wp:attachment":[{"href":"https:\/\/www.taxisok.fr\/index.php?rest_route=%2Fwp%2Fv2%2Fmedia&parent=67"}],"curies":[{"name":"wp","href":"https:\/\/api.w.org\/{rel}","templated":true}]}}